{"id":16,"date":"2025-10-07T10:17:17","date_gmt":"2025-10-07T10:17:17","guid":{"rendered":"https:\/\/new-faubourg-particulier.lets-preprod.com\/?page_id=16"},"modified":"2025-11-23T11:36:25","modified_gmt":"2025-11-23T11:36:25","slug":"contact","status":"publish","type":"page","link":"https:\/\/paris-chauffeur-limousine.com\/fr\/contact\/","title":{"rendered":"Contact"},"content":{"rendered":"\r\n<section id=\"contact_footer\" class=\"contact-home\" style=\"background-image: url('https:\/\/paris-chauffeur-limousine.com\/wp-content\/uploads\/2025\/10\/Capture-decran-2025-09-23-a-15.18.03-scaled.png');\">\r\n  <div class=\"contact-home-container container_custom\">\r\n    <div class=\"contact-home-content\">\r\n      <div class=\"contact-home-content-item-titre\">\r\n        <span class=\"contact-home-content-item-titre h3\">Une \u00e9quipe d\u00e9di\u00e9e pour vous accompagner<\/span>\r\n        <h2>Contactez Service Limo Car<\/h2>\r\n        <div class=\"contact-home-content-item-adresse\">\r\n          <p>91, rue du Faubourg Saint-Honor\u00e9 75008 Paris<\/p>\r\n          <div class=\"sepCustom\"><\/div>\r\n          <a href=\"tel:mailto:+33141060733\">+33 1 41 06 07 33<\/a>\r\n          <div class=\"sepCustom\"><\/div>\r\n          <a href=\"mailto:votre.email@example.com\" class=\"contact-email customLinkContact\">\r\n           <i class=\"fa fa-envelope\"><\/i> contact@paris-chauffeur-limousine.com          <\/a>\r\n          <div class=\"sepCustom\"><\/div>\r\n          <!-- Ic\u00f4nes r\u00e9seaux sociaux -->\r\n          <div class=\"social-links\">\r\n              <a href=\"https:\/\/www.instagram.com\/servicelimocar\/\" target=\"_blank\" rel=\"noopener noreferrer\" class=\"social-icon instagram customLinkContact\">\r\n                  <i class=\"fab fa-instagram\"><\/i>\r\n              <\/a>\r\n              <a href=\"https:\/\/www.linkedin.com\/company\/service-limocar\" target=\"_blank\" rel=\"noopener noreferrer\" class=\"social-icon linkedin customLinkContact\">\r\n                  <i class=\"fab fa-linkedin\"><\/i>\r\n              <\/a>\r\n          <\/div>\r\n        <\/div>\r\n        <div class=\"contact-home-content-item-description\">\r\n          <p><strong data-start=\"1881\" data-end=\"1914\">Informations professionnelles<\/strong><br data-start=\"1914\" data-end=\"1917\" \/>&#8211; Licence VTC : EVTC075161588<br \/>\n&#8211; Licence Transport +9 Passagers : 2024 11 0002059<br data-start=\"1944\" data-end=\"1947\" \/>&#8211; Assurance flotte AXA : 0000011267392004<br \/>\n&#8211; RC Pro transport : n\u00b00000022010320004<br data-start=\"1986\" data-end=\"1989\" \/>&#8211; Raison sociale : SARL RC TRANSFERT<br \/>\n&#8211; RCS Paris : 519 607 493<\/p>\n<p>&nbsp;<\/p>\n        <\/div>\r\n      <\/div>\r\n      <div class=\"contact-home-content-item-formulaire\">\r\n        \n<div class=\"wpcf7 no-js\" id=\"wpcf7-f171-o1\" lang=\"fr-FR\" dir=\"ltr\" data-wpcf7-id=\"171\">\n<div class=\"screen-reader-response\"><p role=\"status\" aria-live=\"polite\" aria-atomic=\"true\"><\/p> <ul><\/ul><\/div>\n<form action=\"\/fr\/wp-json\/wp\/v2\/pages\/16#wpcf7-f171-o1\" method=\"post\" class=\"wpcf7-form init\" aria-label=\"Formulaire de contact\" novalidate=\"novalidate\" data-status=\"init\">\n<fieldset class=\"hidden-fields-container\"><input type=\"hidden\" name=\"_wpcf7\" value=\"171\" \/><input type=\"hidden\" name=\"_wpcf7_version\" value=\"6.1.4\" \/><input type=\"hidden\" name=\"_wpcf7_locale\" value=\"fr_FR\" \/><input type=\"hidden\" name=\"_wpcf7_unit_tag\" value=\"wpcf7-f171-o1\" \/><input type=\"hidden\" name=\"_wpcf7_container_post\" value=\"0\" \/><input type=\"hidden\" name=\"_wpcf7_posted_data_hash\" value=\"\" \/><input type=\"hidden\" name=\"_wpcf7_recaptcha_response\" value=\"\" \/>\n<\/fieldset>\n<h2>Contactez-nous !\n<\/h2>\n<p>Une \u00e9quipe \u00e0 votre \u00e9coute, r\u00e9ponse rapide.\n<\/p>\n<div class=\"form-row two-cols\">\n\t<p><span class=\"form-col\"><span class=\"wpcf7-form-control-wrap\" data-name=\"your-name\"><input size=\"40\" maxlength=\"400\" class=\"wpcf7-form-control wpcf7-text wpcf7-validates-as-required\" aria-required=\"true\" aria-invalid=\"false\" placeholder=\"Nom\/Pr\u00e9nom*\" value=\"\" type=\"text\" name=\"your-name\" \/><\/span><\/span><br \/>\n<span class=\"form-col\"><span class=\"wpcf7-form-control-wrap\" data-name=\"your-company\"><input size=\"40\" maxlength=\"400\" class=\"wpcf7-form-control wpcf7-text\" aria-invalid=\"false\" placeholder=\"Soci\u00e9t\u00e9\" value=\"\" type=\"text\" name=\"your-company\" \/><\/span><\/span>\n\t<\/p>\n<\/div>\n<div class=\"form-row two-cols\">\n\t<p><span class=\"form-col\"><span class=\"wpcf7-form-control-wrap\" data-name=\"your-phone\"><input size=\"40\" class=\"wpcf7-form-control wpcf7-phonetext wpcf7-validates-as-required wpcf7-text wpcf7-validates-as-phonetext\" aria-required=\"true\" aria-invalid=\"false\" placeholder=\"N\u00b0 de t\u00e9l\u00e9phone*\" value=\"\" type=\"text\" name=\"your-phone\" \/><input type=\"hidden\" name=\"your-phone-country-code\" class=\"wpcf7-phonetext-country-code\" \/><\/span><\/span><br \/>\n<span class=\"form-col\"><span class=\"wpcf7-form-control-wrap\" data-name=\"your-email\"><input size=\"40\" maxlength=\"400\" class=\"wpcf7-form-control wpcf7-email wpcf7-validates-as-required wpcf7-text wpcf7-validates-as-email\" aria-required=\"true\" aria-invalid=\"false\" placeholder=\"E-mail*\" value=\"\" type=\"email\" name=\"your-email\" \/><\/span><\/span>\n\t<\/p>\n<\/div>\n<h3>Votre demande\n<\/h3>\n<p><span class=\"wpcf7-form-control-wrap\" data-name=\"your-message\"><textarea cols=\"40\" rows=\"10\" maxlength=\"2000\" class=\"wpcf7-form-control wpcf7-textarea wpcf7-validates-as-required\" aria-required=\"true\" aria-invalid=\"false\" placeholder=\"D\u00e9crivez votre demande en quelques lignes*\" name=\"your-message\"><\/textarea><\/span>\n<\/p>\n<div class=\"form-button-div\">\n\t<p><label class=\"form-consent\"><span class=\"wpcf7-form-control-wrap\" data-name=\"consent\"><span class=\"wpcf7-form-control wpcf7-checkbox wpcf7-validates-as-required\"><span class=\"wpcf7-list-item first last\"><label><input type=\"checkbox\" name=\"consent[]\" value=\"J\u2019accepte les conditions d\u2019utilisation des donn\u00e9es\" \/><span class=\"wpcf7-list-item-label\">J\u2019accepte les conditions d\u2019utilisation des donn\u00e9es<\/span><\/label><\/span><\/span><\/span><\/label>\n\t<\/p>\n\t<div class=\"form-submit\">\n\t\t<p><input class=\"wpcf7-form-control wpcf7-submit has-spinner\" type=\"submit\" value=\"Envoyer \u2192\" \/>\n\t\t<\/p>\n\t<\/div>\n<\/div><div class=\"wpcf7-response-output\" aria-hidden=\"true\"><\/div>\n<\/form>\n<\/div>\n      <\/div>\r\n    <\/div>\r\n    <\/div>\r\n  <\/div>\r\n<\/section>","protected":false},"excerpt":{"rendered":"","protected":false},"author":1,"featured_media":0,"parent":0,"menu_order":0,"comment_status":"closed","ping_status":"closed","template":"","meta":{"_acf_changed":false,"footnotes":""},"class_list":["post-16","page","type-page","status-publish","hentry"],"acf":[],"yoast_head":"<!-- This site is optimized with the Yoast SEO plugin v27.4 - https:\/\/yoast.com\/product\/yoast-seo-wordpress\/ -->\n<title>Contactez-nous d\u00e8s maintenant - Service Limo Car<\/title>\n<meta name=\"description\" content=\"Besoin d&#039;une location de v\u00e9hicule haut de gamme avec chauffeur exp\u00e9riment\u00e9 ? Contactez Service Limo Car sans plus attendre !\" \/>\n<meta name=\"robots\" content=\"index, follow, max-snippet:-1, max-image-preview:large, max-video-preview:-1\" \/>\n<link rel=\"canonical\" href=\"https:\/\/paris-chauffeur-limousine.com\/fr\/contact\/\" \/>\n<meta property=\"og:locale\" content=\"fr_FR\" \/>\n<meta property=\"og:type\" content=\"article\" \/>\n<meta property=\"og:title\" content=\"Contactez-nous d\u00e8s maintenant - Service Limo Car\" \/>\n<meta property=\"og:description\" content=\"Besoin d&#039;une location de v\u00e9hicule haut de gamme avec chauffeur exp\u00e9riment\u00e9 ? Contactez Service Limo Car sans plus attendre !\" \/>\n<meta property=\"og:url\" content=\"https:\/\/paris-chauffeur-limousine.com\/fr\/contact\/\" \/>\n<meta property=\"og:site_name\" content=\"Service Limo Car\" \/>\n<meta property=\"article:modified_time\" content=\"2025-11-23T11:36:25+00:00\" \/>\n<meta name=\"twitter:card\" content=\"summary_large_image\" \/>\n<script type=\"application\/ld+json\" class=\"yoast-schema-graph\">{\"@context\":\"https:\\\/\\\/schema.org\",\"@graph\":[{\"@type\":\"WebPage\",\"@id\":\"https:\\\/\\\/paris-chauffeur-limousine.com\\\/fr\\\/contact\\\/\",\"url\":\"https:\\\/\\\/paris-chauffeur-limousine.com\\\/fr\\\/contact\\\/\",\"name\":\"Contactez-nous d\u00e8s maintenant - Service Limo Car\",\"isPartOf\":{\"@id\":\"https:\\\/\\\/paris-chauffeur-limousine.com\\\/fr\\\/#website\"},\"datePublished\":\"2025-10-07T10:17:17+00:00\",\"dateModified\":\"2025-11-23T11:36:25+00:00\",\"description\":\"Besoin d'une location de v\u00e9hicule haut de gamme avec chauffeur exp\u00e9riment\u00e9 ? Contactez Service Limo Car sans plus attendre !\",\"breadcrumb\":{\"@id\":\"https:\\\/\\\/paris-chauffeur-limousine.com\\\/fr\\\/contact\\\/#breadcrumb\"},\"inLanguage\":\"fr-FR\",\"potentialAction\":[{\"@type\":\"ReadAction\",\"target\":[\"https:\\\/\\\/paris-chauffeur-limousine.com\\\/fr\\\/contact\\\/\"]}]},{\"@type\":\"BreadcrumbList\",\"@id\":\"https:\\\/\\\/paris-chauffeur-limousine.com\\\/fr\\\/contact\\\/#breadcrumb\",\"itemListElement\":[{\"@type\":\"ListItem\",\"position\":1,\"name\":\"Accueil\",\"item\":\"https:\\\/\\\/paris-chauffeur-limousine.com\\\/fr\\\/\"},{\"@type\":\"ListItem\",\"position\":2,\"name\":\"Contact\"}]},{\"@type\":\"WebSite\",\"@id\":\"https:\\\/\\\/paris-chauffeur-limousine.com\\\/fr\\\/#website\",\"url\":\"https:\\\/\\\/paris-chauffeur-limousine.com\\\/fr\\\/\",\"name\":\"Paris Chauffeur Limousine\",\"description\":\"\",\"publisher\":{\"@id\":\"https:\\\/\\\/paris-chauffeur-limousine.com\\\/fr\\\/#organization\"},\"potentialAction\":[{\"@type\":\"SearchAction\",\"target\":{\"@type\":\"EntryPoint\",\"urlTemplate\":\"https:\\\/\\\/paris-chauffeur-limousine.com\\\/fr\\\/?s={search_term_string}\"},\"query-input\":{\"@type\":\"PropertyValueSpecification\",\"valueRequired\":true,\"valueName\":\"search_term_string\"}}],\"inLanguage\":\"fr-FR\"},{\"@type\":\"Organization\",\"@id\":\"https:\\\/\\\/paris-chauffeur-limousine.com\\\/fr\\\/#organization\",\"name\":\"Paris Chauffeur Limousine\",\"url\":\"https:\\\/\\\/paris-chauffeur-limousine.com\\\/fr\\\/\",\"logo\":{\"@type\":\"ImageObject\",\"inLanguage\":\"fr-FR\",\"@id\":\"https:\\\/\\\/paris-chauffeur-limousine.com\\\/fr\\\/#\\\/schema\\\/logo\\\/image\\\/\",\"url\":\"https:\\\/\\\/paris-chauffeur-limousine.com\\\/wp-content\\\/uploads\\\/2025\\\/11\\\/Groupe-4025@2x.png\",\"contentUrl\":\"https:\\\/\\\/paris-chauffeur-limousine.com\\\/wp-content\\\/uploads\\\/2025\\\/11\\\/Groupe-4025@2x.png\",\"width\":1007,\"height\":132,\"caption\":\"Paris Chauffeur Limousine\"},\"image\":{\"@id\":\"https:\\\/\\\/paris-chauffeur-limousine.com\\\/fr\\\/#\\\/schema\\\/logo\\\/image\\\/\"},\"sameAs\":[\"https:\\\/\\\/www.linkedin.com\\\/company\\\/service-limocar\",\"https:\\\/\\\/www.instagram.com\\\/servicelimocar\\\/\"]}]}<\/script>\n<!-- \/ Yoast SEO plugin. -->","yoast_head_json":{"title":"Contactez-nous d\u00e8s maintenant - Service Limo Car","description":"Besoin d'une location de v\u00e9hicule haut de gamme avec chauffeur exp\u00e9riment\u00e9 ? Contactez Service Limo Car sans plus attendre !","robots":{"index":"index","follow":"follow","max-snippet":"max-snippet:-1","max-image-preview":"max-image-preview:large","max-video-preview":"max-video-preview:-1"},"canonical":"https:\/\/paris-chauffeur-limousine.com\/fr\/contact\/","og_locale":"fr_FR","og_type":"article","og_title":"Contactez-nous d\u00e8s maintenant - Service Limo Car","og_description":"Besoin d'une location de v\u00e9hicule haut de gamme avec chauffeur exp\u00e9riment\u00e9 ? Contactez Service Limo Car sans plus attendre !","og_url":"https:\/\/paris-chauffeur-limousine.com\/fr\/contact\/","og_site_name":"Service Limo Car","article_modified_time":"2025-11-23T11:36:25+00:00","twitter_card":"summary_large_image","schema":{"@context":"https:\/\/schema.org","@graph":[{"@type":"WebPage","@id":"https:\/\/paris-chauffeur-limousine.com\/fr\/contact\/","url":"https:\/\/paris-chauffeur-limousine.com\/fr\/contact\/","name":"Contactez-nous d\u00e8s maintenant - Service Limo Car","isPartOf":{"@id":"https:\/\/paris-chauffeur-limousine.com\/fr\/#website"},"datePublished":"2025-10-07T10:17:17+00:00","dateModified":"2025-11-23T11:36:25+00:00","description":"Besoin d'une location de v\u00e9hicule haut de gamme avec chauffeur exp\u00e9riment\u00e9 ? Contactez Service Limo Car sans plus attendre !","breadcrumb":{"@id":"https:\/\/paris-chauffeur-limousine.com\/fr\/contact\/#breadcrumb"},"inLanguage":"fr-FR","potentialAction":[{"@type":"ReadAction","target":["https:\/\/paris-chauffeur-limousine.com\/fr\/contact\/"]}]},{"@type":"BreadcrumbList","@id":"https:\/\/paris-chauffeur-limousine.com\/fr\/contact\/#breadcrumb","itemListElement":[{"@type":"ListItem","position":1,"name":"Accueil","item":"https:\/\/paris-chauffeur-limousine.com\/fr\/"},{"@type":"ListItem","position":2,"name":"Contact"}]},{"@type":"WebSite","@id":"https:\/\/paris-chauffeur-limousine.com\/fr\/#website","url":"https:\/\/paris-chauffeur-limousine.com\/fr\/","name":"Paris Chauffeur Limousine","description":"","publisher":{"@id":"https:\/\/paris-chauffeur-limousine.com\/fr\/#organization"},"potentialAction":[{"@type":"SearchAction","target":{"@type":"EntryPoint","urlTemplate":"https:\/\/paris-chauffeur-limousine.com\/fr\/?s={search_term_string}"},"query-input":{"@type":"PropertyValueSpecification","valueRequired":true,"valueName":"search_term_string"}}],"inLanguage":"fr-FR"},{"@type":"Organization","@id":"https:\/\/paris-chauffeur-limousine.com\/fr\/#organization","name":"Paris Chauffeur Limousine","url":"https:\/\/paris-chauffeur-limousine.com\/fr\/","logo":{"@type":"ImageObject","inLanguage":"fr-FR","@id":"https:\/\/paris-chauffeur-limousine.com\/fr\/#\/schema\/logo\/image\/","url":"https:\/\/paris-chauffeur-limousine.com\/wp-content\/uploads\/2025\/11\/Groupe-4025@2x.png","contentUrl":"https:\/\/paris-chauffeur-limousine.com\/wp-content\/uploads\/2025\/11\/Groupe-4025@2x.png","width":1007,"height":132,"caption":"Paris Chauffeur Limousine"},"image":{"@id":"https:\/\/paris-chauffeur-limousine.com\/fr\/#\/schema\/logo\/image\/"},"sameAs":["https:\/\/www.linkedin.com\/company\/service-limocar","https:\/\/www.instagram.com\/servicelimocar\/"]}]}},"_links":{"self":[{"href":"https:\/\/paris-chauffeur-limousine.com\/fr\/wp-json\/wp\/v2\/pages\/16","targetHints":{"allow":["GET"]}}],"collection":[{"href":"https:\/\/paris-chauffeur-limousine.com\/fr\/wp-json\/wp\/v2\/pages"}],"about":[{"href":"https:\/\/paris-chauffeur-limousine.com\/fr\/wp-json\/wp\/v2\/types\/page"}],"author":[{"embeddable":true,"href":"https:\/\/paris-chauffeur-limousine.com\/fr\/wp-json\/wp\/v2\/users\/1"}],"replies":[{"embeddable":true,"href":"https:\/\/paris-chauffeur-limousine.com\/fr\/wp-json\/wp\/v2\/comments?post=16"}],"version-history":[{"count":0,"href":"https:\/\/paris-chauffeur-limousine.com\/fr\/wp-json\/wp\/v2\/pages\/16\/revisions"}],"wp:attachment":[{"href":"https:\/\/paris-chauffeur-limousine.com\/fr\/wp-json\/wp\/v2\/media?parent=16"}],"curies":[{"name":"wp","href":"https:\/\/api.w.org\/{rel}","templated":true}]}}