{"id":2561,"date":"2025-10-07T10:16:32","date_gmt":"2025-10-07T10:16:32","guid":{"rendered":"https:\/\/paris-chauffeur-limousine.com\/dienstleistungen\/"},"modified":"2026-03-01T17:07:58","modified_gmt":"2026-03-01T17:07:58","slug":"dienstleistungen","status":"publish","type":"page","link":"https:\/\/paris-chauffeur-limousine.com\/de\/dienstleistungen\/","title":{"rendered":"Dienstleistungen"},"content":{"rendered":"\r\n<section class=\"reserver-chauffeur container_custom\">\r\n  <div class=\"reserver-chauffeur-content\">\r\n    <div class=\"reserver-chauffeur-date\">\r\n                    <p>Ein Service f\u00fcr jeden Bedarf<\/p>\r\n          <\/div>\r\n        <div class=\"reserver-chauffeur-content-item\">\r\n      <h2> Exzellenz, Diskretion und Pr\u00e4zision<\/h2>\r\n                <\/div>\r\n        <\/div>\r\n      <\/div>\r\n<\/section>\n<section class=\"brands\">\n  <div class=\"brands_content\">\n          <div class=\"brands_content_item\">\n        <img decoding=\"async\" src=\"https:\/\/paris-chauffeur-limousine.com\/wp-content\/uploads\/2025\/10\/image-11-min.png\" alt=\"\">\n      <\/div>\n          <div class=\"brands_content_item\">\n        <img decoding=\"async\" src=\"https:\/\/paris-chauffeur-limousine.com\/wp-content\/uploads\/2025\/10\/image-7-min.png\" alt=\"\">\n      <\/div>\n          <div class=\"brands_content_item\">\n        <img decoding=\"async\" src=\"https:\/\/paris-chauffeur-limousine.com\/wp-content\/uploads\/2025\/10\/image-13-min.png\" alt=\"\">\n      <\/div>\n          <div class=\"brands_content_item\">\n        <img decoding=\"async\" src=\"https:\/\/paris-chauffeur-limousine.com\/wp-content\/uploads\/2025\/11\/RORO.png\" alt=\"\">\n      <\/div>\n          <div class=\"brands_content_item\">\n        <img decoding=\"async\" src=\"https:\/\/paris-chauffeur-limousine.com\/wp-content\/uploads\/2025\/10\/image-10-min.png\" alt=\"\">\n      <\/div>\n          <div class=\"brands_content_item\">\n        <img decoding=\"async\" src=\"https:\/\/paris-chauffeur-limousine.com\/wp-content\/uploads\/2025\/10\/image-9-min.png\" alt=\"\">\n      <\/div>\n          <div class=\"brands_content_item\">\n        <img decoding=\"async\" src=\"https:\/\/paris-chauffeur-limousine.com\/wp-content\/uploads\/2025\/10\/image-8-min.png\" alt=\"\">\n      <\/div>\n          <div class=\"brands_content_item\">\n        <img decoding=\"async\" src=\"https:\/\/paris-chauffeur-limousine.com\/wp-content\/uploads\/2025\/10\/image-61-min.png\" alt=\"\">\n      <\/div>\n      <\/div>\n<\/section>\r\n<section class=\"images-vehicules image-text-custom\">\r\n  <div class=\"images-vehicules-haut images-vehicules-haut-droite\">\r\n    <img decoding=\"async\" class=\"images-vehicules-image-principal\" src=\"https:\/\/paris-chauffeur-limousine.com\/wp-content\/uploads\/2025\/10\/Capture-decran-2024-11-08-162329-min-min.png\" alt=\"\">\r\n    <div class=\"images-vehicules-contents\">\r\n      <span class=\"h3Custom\">Service Limo Car<\/span>\r\n      <h2>Zu Ihrer Verf\u00fcgung<\/h2>\r\n      <div class=\"content-image-text\">\r\n      <p class=\"images-vehicules-description\"><div class=\"qwen-markdown-paragraph\"><strong class=\"qwen-markdown-strong\"><span class=\"qwen-markdown-text\">Ihr pers\u00f6nlicher Chauffeur f\u00fcr alle Ihre Bed\u00fcrfnisse.<\/span><\/strong><\/div>\n<p><\/p>\n<div class=\"qwen-markdown-space\"><\/div>\n<p><\/p>\n<div class=\"qwen-markdown-paragraph\"><span class=\"qwen-markdown-text\">Private Fahrten, gesch\u00e4ftliche Termine, Besichtigungen oder exklusive Erlebnisse: Wir managen Ihre Mobilit\u00e4t mit Pr\u00e4zision, Eleganz und Diskretion.<\/span><\/div>\n<\/p>\r\n      <\/div>\r\n            <a href=\"https:\/\/paris-chauffeur-limousine.com\/service\/chauffeur-a-la-journee\/\" class=\"images-vehicules-bouton\">Diesen Service erkunden \u2192<\/a>\r\n          <\/div>\r\n  <\/div>\r\n<\/section>\r\n\r\n<section class=\"images-vehicules image-text-custom\">\r\n  <div class=\"images-vehicules-haut images-vehicules-haut-droite\">\r\n    <img decoding=\"async\" class=\"images-vehicules-image-principal\" src=\"https:\/\/paris-chauffeur-limousine.com\/wp-content\/uploads\/2025\/10\/Design-sans-titre-2-1.png\" alt=\"\">\r\n    <div class=\"images-vehicules-contents\">\r\n      <span class=\"h3Custom\">Service Limo Car<\/span>\r\n      <h2>Flugh\u00e4fen<\/h2>\r\n      <div class=\"content-image-text\">\r\n      <p class=\"images-vehicules-description\"><div class=\"qwen-markdown-paragraph\"><strong class=\"qwen-markdown-strong\"><span class=\"qwen-markdown-text\">Nahtlose Abwicklung, vom Terminal bis zu Ihrem Ziel<\/span><\/strong><\/div>\n<p><\/p>\n<div class=\"qwen-markdown-space\"><\/div>\n<p><\/p>\n<div class=\"qwen-markdown-paragraph\"><span class=\"qwen-markdown-text\">Vom privaten Terminal bis zu kommerziellen Fl\u00fcgen gew\u00e4hrleisten wir einen reibungslosen, eleganten und wartungsfreien Transfer zwischen Flughafen und Ihrem Ziel. Meet &amp; Greet-Empfang, Gep\u00e4ckservice, Begleitung durch den Zoll und vollst\u00e4ndige Koordination: Jeder Schritt wird perfekt gesteuert f\u00fcr eine stressfreie Reise.<\/span><\/div>\n<\/p>\r\n      <\/div>\r\n            <a href=\"https:\/\/paris-chauffeur-limousine.com\/fr\/service\/aeroport\/\" class=\"images-vehicules-bouton\">Diesen Service erkunden \u2192<\/a>\r\n          <\/div>\r\n  <\/div>\r\n<\/section>\r\n\r\n<section class=\"images-vehicules image-text-custom\">\r\n  <div class=\"images-vehicules-haut images-vehicules-haut-droite\">\r\n    <img decoding=\"async\" class=\"images-vehicules-image-principal\" src=\"https:\/\/paris-chauffeur-limousine.com\/wp-content\/uploads\/2025\/10\/Design-sans-titre-32-1-1.png\" alt=\"\">\r\n    <div class=\"images-vehicules-contents\">\r\n      <span class=\"h3Custom\">Service Limo Car<\/span>\r\n      <h2>Event-Transporte<\/h2>\r\n      <div class=\"content-image-text\">\r\n      <p class=\"images-vehicules-description\"><div class=\"qwen-markdown-paragraph\"><strong class=\"qwen-markdown-strong\"><span class=\"qwen-markdown-text\">Luxus-Transporte f\u00fcr Ihre bedeutendsten Veranstaltungen.<\/span><\/strong><\/div>\n<p><\/p>\n<div class=\"qwen-markdown-space\"><\/div>\n<p><\/p>\n<div class=\"qwen-markdown-paragraph\"><span class=\"qwen-markdown-text\">Als Experten f\u00fcr Event-Mobilit\u00e4t \u00fcbernehmen wir die Transportlogistik f\u00fcr Ihre G\u00e4ste, Teams und Pers\u00f6nlichkeiten. Modenschauen, internationale Konferenzen, Dreharbeiten, Sportveranstaltungen, private Feiern oder Corporate-Events: Jede Fahrt wird sorgf\u00e4ltig organisiert, um Fl\u00fcssigkeit, Sicherheit und absoluten Komfort zu garantieren.<\/span><\/div>\n<\/p>\r\n      <\/div>\r\n            <a href=\"https:\/\/paris-chauffeur-limousine.com\/service\/evenements-logistique\/\" class=\"images-vehicules-bouton\">Diesen Service erkunden \u2192<\/a>\r\n          <\/div>\r\n  <\/div>\r\n<\/section>\r\n\r\n<section class=\"images-vehicules image-text-custom\">\r\n  <div class=\"images-vehicules-haut images-vehicules-haut-droite\">\r\n    <img decoding=\"async\" class=\"images-vehicules-image-principal\" src=\"https:\/\/paris-chauffeur-limousine.com\/wp-content\/uploads\/2025\/10\/Capture-decran-2024-10-31-122237.jpg\" alt=\"\">\r\n    <div class=\"images-vehicules-contents\">\r\n      <span class=\"h3Custom\">Service Limo Car<\/span>\r\n      <h2>Langzeit-Service<\/h2>\r\n      <div class=\"content-image-text\">\r\n      <p class=\"images-vehicules-description\"><div class=\"qwen-markdown-paragraph\"><strong class=\"qwen-markdown-strong\"><span class=\"qwen-markdown-text\" data-spm-anchor-id=\"a2ty_o01.29997173.0.i53.6f7e5171dgVJqW\">Ein externer Chauffeur-Service f\u00fcr Ihre t\u00e4gliche Mobilit\u00e4t.<\/span><\/strong><\/div>\n<p><\/p>\n<div class=\"qwen-markdown-space\"><\/div>\n<p><\/p>\n<div class=\"qwen-markdown-paragraph\"><span class=\"qwen-markdown-text\">Profitieren Sie von einem einzigen Ansprechpartner, einem exklusiven Chauffeur und einem Fahrzeug, das nach Ihren Anforderungen ausgew\u00e4hlt wurde. Unsere Langzeitvereinbarungen gew\u00e4hrleisten perfekte Kontinuit\u00e4t, totale Verf\u00fcgbarkeit und eine unkomplizierte Verwaltung.<\/span><\/div>\n<\/p>\r\n      <\/div>\r\n            <a href=\"https:\/\/paris-chauffeur-limousine.com\/fr\/service\/longue-duree\/\" class=\"images-vehicules-bouton\">Diesen Service erkunden \u2192<\/a>\r\n          <\/div>\r\n  <\/div>\r\n<\/section>\r\n\r\n<section class=\"images-vehicules image-text-custom\">\r\n  <div class=\"images-vehicules-haut images-vehicules-haut-droite\">\r\n    <img decoding=\"async\" class=\"images-vehicules-image-principal\" src=\"https:\/\/paris-chauffeur-limousine.com\/wp-content\/uploads\/2025\/11\/CLASSE-E-2-1-1.png\" alt=\"\">\r\n    <div class=\"images-vehicules-contents\">\r\n      <span class=\"h3Custom\">Service Limo Car<\/span>\r\n      <h2>Finanz-Roadshow<\/h2>\r\n      <div class=\"content-image-text\">\r\n      <p class=\"images-vehicules-description\"><div class=\"qwen-markdown-paragraph\"><strong class=\"qwen-markdown-strong\"><span class=\"qwen-markdown-text\">Perfekt orchestrierte Mobilit\u00e4t f\u00fcr Ihre Investorentouren.<\/span><\/strong><\/div>\n<p><\/p>\n<div class=\"qwen-markdown-space\"><\/div>\n<p><\/p>\n<div class=\"qwen-markdown-paragraph\"><span class=\"qwen-markdown-text\">Limo Car Service begleitet Ihre Finanz-Roadshows mit einem Anforderungsniveau, das Ihren Herausforderungen gerecht wird. Intensive Gesch\u00e4ftsreisen, aufeinanderfolgende Termine, P\u00fcnktlichkeitsanforderungen: Jede Fahrt wird pr\u00e4zise geplant, um totale Fl\u00fcssigkeit zu gew\u00e4hrleisten.<\/span><\/div>\n<p><\/p>\n<div><\/div>\n<p><\/p>\n<div>Profitieren Sie von einem erfahrenen Chauffeur, Echtzeit-\u00dcberwachung und kontinuierlicher Verf\u00fcgbarkeit w\u00e4hrend Ihrer gesamten Mission. Wir sorgen f\u00fcr einen unterbrechungsfreien Ablauf, damit Sie sich vollst\u00e4ndig auf Ihre strategischen Treffen konzentrieren k\u00f6nnen.<\/div>\n<\/p>\r\n      <\/div>\r\n            <a href=\"https:\/\/paris-chauffeur-limousine.com\/fr\/service\/roadshow-financier\/\" class=\"images-vehicules-bouton\">Diesen Service erkunden \u2192<\/a>\r\n          <\/div>\r\n  <\/div>\r\n<\/section>\r\n\r\n<section class=\"reserver-chauffeur container_custom\">\r\n  <div class=\"reserver-chauffeur-content\">\r\n    <div class=\"reserver-chauffeur-date\">\r\n                    <p>Service Limo Car<\/p>\r\n          <\/div>\r\n        <div class=\"reserver-chauffeur-content-item\">\r\n      <h2>Eine Flotte, die f\u00fcr Exzellenz konzipiert wurde<\/h2>\r\n                  <div><p>Limo Car Service stellt Ihnen eine exklusive Auswahl an Luxusfahrzeugen zur Verf\u00fcgung, die Komfort, Eleganz und Sicherheit vereinen. Unsere sorgf\u00e4ltig ausgew\u00e4hlte Flotte passt sich allen Ihren Fahrten an: Gesch\u00e4ftstermine, besondere Veranstaltungen oder private Transfers.<\/p>\n<\/div>\r\n          <\/div>\r\n        <\/div>\r\n      <\/div>\r\n<\/section><section class=\"vehicule-home container_custom vehicule-type\">\r\n      <div class=\"vehicules\">\r\n                  <a href=\"https:\/\/paris-chauffeur-limousine.com\/fr\/nos-vehicules-avec-chauffeur\/berlines\/\" class=\"vehicule-card\">\r\n         <img decoding=\"async\" src=\"https:\/\/paris-chauffeur-limousine.com\/wp-content\/uploads\/2025\/10\/S-CLASS580.png\" alt=\"\">\r\n         <div class=\"vehicule-card-title\">\r\n         Berlines         <\/div>\r\n         <div class=\"btn-reserver\">Entdecken Sie unsere Limousinen \u2192<\/div>\r\n      <\/a>\r\n                        <a href=\"https:\/\/paris-chauffeur-limousine.com\/fr\/nos-vehicules-avec-chauffeur\/ultra-luxe\/\" class=\"vehicule-card\">\r\n         <img decoding=\"async\" src=\"https:\/\/paris-chauffeur-limousine.com\/wp-content\/uploads\/2025\/10\/PAHNTOM.png\" alt=\"\">\r\n         <div class=\"vehicule-card-title\">\r\n         Ultra-Luxus         <\/div>\r\n         <div class=\"btn-reserver\">Entdecken Sie unsere Ultra-Luxus-Fahrzeuge \u2192<\/div>\r\n      <\/a>\r\n                        <a href=\"https:\/\/paris-chauffeur-limousine.com\/fr\/nos-vehicules-avec-chauffeur\/blinde\/\" class=\"vehicule-card\">\r\n         <img decoding=\"async\" src=\"https:\/\/paris-chauffeur-limousine.com\/wp-content\/uploads\/2025\/10\/S-GUARD.png\" alt=\"\">\r\n         <div class=\"vehicule-card-title\">\r\n         Gepanzert         <\/div>\r\n         <div class=\"btn-reserver\">Entdecken Sie unsere gepanzerten Fahrzeuge \u2192<\/div>\r\n      <\/a>\r\n                        <a href=\"https:\/\/paris-chauffeur-limousine.com\/fr\/nos-vehicules-avec-chauffeur\/electriques\/\" class=\"vehicule-card\">\r\n         <img decoding=\"async\" src=\"https:\/\/paris-chauffeur-limousine.com\/wp-content\/uploads\/2025\/10\/MODEL-X.png\" alt=\"\">\r\n         <div class=\"vehicule-card-title\">\r\n         Elektrisch         <\/div>\r\n         <div class=\"btn-reserver\">Entdecken Sie unsere Elektrofahrzeuge \u2192<\/div>\r\n      <\/a>\r\n                        <a href=\"https:\/\/paris-chauffeur-limousine.com\/fr\/nos-vehicules-avec-chauffeur\/mini-van\/\" class=\"vehicule-card\">\r\n         <img decoding=\"async\" src=\"https:\/\/paris-chauffeur-limousine.com\/wp-content\/uploads\/2025\/10\/RANGE-ROVER.png\" alt=\"\">\r\n         <div class=\"vehicule-card-title\">\r\n         SUV         <\/div>\r\n         <div class=\"btn-reserver\">Entdecken Sie unsere SUVs \u2192<\/div>\r\n      <\/a>\r\n                        <a href=\"https:\/\/paris-chauffeur-limousine.com\/fr\/nos-vehicules-avec-chauffeur\/suv\/\" class=\"vehicule-card\">\r\n         <img decoding=\"async\" src=\"https:\/\/paris-chauffeur-limousine.com\/wp-content\/uploads\/2025\/10\/V-CLASS.png\" alt=\"\">\r\n         <div class=\"vehicule-card-title\">\r\n         Mini-Vans         <\/div>\r\n         <div class=\"btn-reserver\">Entdecken Sie unsere Mini-Vans \u2192<\/div>\r\n      <\/a>\r\n                        <a href=\"https:\/\/paris-chauffeur-limousine.com\/fr\/nos-vehicules-avec-chauffeur\/sprinter-autocar\/\" class=\"vehicule-card\">\r\n         <img decoding=\"async\" src=\"https:\/\/paris-chauffeur-limousine.com\/wp-content\/uploads\/2025\/10\/SPRINTER-19.png\" alt=\"\">\r\n         <div class=\"vehicule-card-title\">\r\n         Sprinter &#038; Reisebusse         <\/div>\r\n         <div class=\"btn-reserver\">Entdecken Sie unsere Sprinter &#038; Reisebusse \u2192<\/div>\r\n      <\/a>\r\n               <\/div>\r\n   <\/section>\n<div class=\"trois-images\">\n    <div class=\"trois-images-image-1\">\n      <img decoding=\"async\" src=\"https:\/\/paris-chauffeur-limousine.com\/wp-content\/uploads\/2025\/10\/Capture-decran-2024-09-17-160937-1-1-1.png\" alt=\"\">\n    <\/div>\n    <div class=\"trois-images-image-2\">\n      <img decoding=\"async\" src=\"https:\/\/paris-chauffeur-limousine.com\/wp-content\/uploads\/2025\/10\/20241001_142506-scaled-e1727785850200.jpg\" alt=\"\">\n    <\/div>\n    <div class=\"trois-images-image-3\">\n      <img decoding=\"async\" src=\"https:\/\/paris-chauffeur-limousine.com\/wp-content\/uploads\/2025\/10\/13C385_063-scaled-e1727963882296.jpg\" alt=\"\">\n    <\/div>\n  <\/div>\n<section class=\"assurance-home\" style=\"background-image: url('https:\/\/paris-chauffeur-limousine.com\/wp-content\/uploads\/2025\/10\/Capture-decran-2025-09-23-a-15.09.37-scaled.png');\">\n  <div class=\"container_custom\">\n    <h3>WAS DEN UNTERSCHIED MACHT<\/h3>\n    <h2>Exzellenz im Luxus-Transport, unabh\u00e4ngig von Ihrem Bedarf<\/h2>\n    <div class=\"assurance-content\">\n              <div class=\"assurance-content-item\">\n          <div class=\"assurance-content-item-image\"><img decoding=\"async\" src=\"https:\/\/paris-chauffeur-limousine.com\/wp-content\/uploads\/2025\/11\/handshake.png\" alt=\"\"><\/div>\n          <p>Dienstleistungen, angepasst an jede Situation<\/p>\n        <\/div>\n              <div class=\"assurance-content-item\">\n          <div class=\"assurance-content-item-image\"><img decoding=\"async\" src=\"https:\/\/paris-chauffeur-limousine.com\/wp-content\/uploads\/2025\/11\/user-star.png\" alt=\"\"><\/div>\n          <p>Erfahrene, zweisprachige und diskrete Chauffeure<\/p>\n        <\/div>\n              <div class=\"assurance-content-item\">\n          <div class=\"assurance-content-item-image\"><img decoding=\"async\" src=\"https:\/\/paris-chauffeur-limousine.com\/wp-content\/uploads\/2025\/11\/history.png\" alt=\"\"><\/div>\n          <p>24\/7 Verf\u00fcgbarkeit und sofortige Reaktionsf\u00e4higkeit<\/p>\n        <\/div>\n          <\/div>\n  <\/div>\n<\/section>\n<section id=\"contact_footer\" class=\"contact-home\" style=\"background-image: url('https:\/\/paris-chauffeur-limousine.com\/wp-content\/uploads\/2025\/10\/Capture-decran-2025-09-23-a-15.18.03-scaled.png');\">\n  <div class=\"contact-home-container container_custom\">\n    <div class=\"contact-home-content\">\n      <div class=\"contact-home-content-item-titre\">\n        <span class=\"contact-home-content-item-titre h3\">Ihre Auswahl beginnt hier<\/span>\n        <h2>Welchen Service m\u00f6chten Sie buchen?<\/h2>\n              <\/div>\n      <div class=\"contact-home-content-item-formulaire\">\n        <p class=\"wpcf7-contact-form-not-found\"><strong>Fehler:<\/strong> Kontaktformular wurde nicht gefunden.<\/p>      <\/div>\n    <\/div>\n    <\/div>\n  <\/div>\n<\/section>","protected":false},"excerpt":{"rendered":"","protected":false},"author":1,"featured_media":0,"parent":0,"menu_order":0,"comment_status":"closed","ping_status":"closed","template":"","meta":{"_acf_changed":false,"footnotes":""},"class_list":["post-2561","page","type-page","status-publish","hentry"],"acf":[],"yoast_head":"<!-- This site is optimized with the Yoast SEO plugin v27.4 - https:\/\/yoast.com\/product\/yoast-seo-wordpress\/ -->\n<title>Unsere Fahrzeugvermietung mit Privat-Chauffeur - Service Limo Car<\/title>\n<meta name=\"description\" content=\"Entdecken Sie unsere Leistungen: Flughafentransfers, Corporate, Roadshows, Event-Transporte und ma\u00dfgeschneiderte L\u00f6sungen. Luxus, P\u00fcnktlichkeit und Exzellenz f\u00fcr Ihre Fahrten.\" \/>\n<meta name=\"robots\" content=\"index, follow, max-snippet:-1, max-image-preview:large, max-video-preview:-1\" \/>\n<link rel=\"canonical\" href=\"https:\/\/paris-chauffeur-limousine.com\/de\/dienstleistungen\/\" \/>\n<meta property=\"og:locale\" content=\"de_DE\" \/>\n<meta property=\"og:type\" content=\"article\" \/>\n<meta property=\"og:title\" content=\"Unsere Fahrzeugvermietung mit Privat-Chauffeur - Service Limo Car\" \/>\n<meta property=\"og:description\" content=\"Entdecken Sie unsere Leistungen: Flughafentransfers, Corporate, Roadshows, Event-Transporte und ma\u00dfgeschneiderte L\u00f6sungen. Luxus, P\u00fcnktlichkeit und Exzellenz f\u00fcr Ihre Fahrten.\" \/>\n<meta property=\"og:url\" content=\"https:\/\/paris-chauffeur-limousine.com\/de\/dienstleistungen\/\" \/>\n<meta property=\"og:site_name\" content=\"Service Limo Car\" \/>\n<meta property=\"article:modified_time\" content=\"2026-03-01T17:07:58+00:00\" \/>\n<meta name=\"twitter:card\" content=\"summary_large_image\" \/>\n<script type=\"application\/ld+json\" class=\"yoast-schema-graph\">{\"@context\":\"https:\\\/\\\/schema.org\",\"@graph\":[{\"@type\":\"WebPage\",\"@id\":\"https:\\\/\\\/paris-chauffeur-limousine.com\\\/de\\\/dienstleistungen\\\/\",\"url\":\"https:\\\/\\\/paris-chauffeur-limousine.com\\\/de\\\/dienstleistungen\\\/\",\"name\":\"Unsere Fahrzeugvermietung mit Privat-Chauffeur - Service Limo Car\",\"isPartOf\":{\"@id\":\"https:\\\/\\\/paris-chauffeur-limousine.com\\\/de\\\/#website\"},\"datePublished\":\"2025-10-07T10:16:32+00:00\",\"dateModified\":\"2026-03-01T17:07:58+00:00\",\"description\":\"Entdecken Sie unsere Leistungen: Flughafentransfers, Corporate, Roadshows, Event-Transporte und ma\u00dfgeschneiderte L\u00f6sungen. Luxus, P\u00fcnktlichkeit und Exzellenz f\u00fcr Ihre Fahrten.\",\"breadcrumb\":{\"@id\":\"https:\\\/\\\/paris-chauffeur-limousine.com\\\/de\\\/dienstleistungen\\\/#breadcrumb\"},\"inLanguage\":\"de\",\"potentialAction\":[{\"@type\":\"ReadAction\",\"target\":[\"https:\\\/\\\/paris-chauffeur-limousine.com\\\/de\\\/dienstleistungen\\\/\"]}]},{\"@type\":\"BreadcrumbList\",\"@id\":\"https:\\\/\\\/paris-chauffeur-limousine.com\\\/de\\\/dienstleistungen\\\/#breadcrumb\",\"itemListElement\":[{\"@type\":\"ListItem\",\"position\":1,\"name\":\"Accueil\",\"item\":\"https:\\\/\\\/paris-chauffeur-limousine.com\\\/de\\\/home\\\/\"},{\"@type\":\"ListItem\",\"position\":2,\"name\":\"Dienstleistungen\"}]},{\"@type\":\"WebSite\",\"@id\":\"https:\\\/\\\/paris-chauffeur-limousine.com\\\/de\\\/#website\",\"url\":\"https:\\\/\\\/paris-chauffeur-limousine.com\\\/de\\\/\",\"name\":\"Paris Chauffeur Limousine\",\"description\":\"\",\"publisher\":{\"@id\":\"https:\\\/\\\/paris-chauffeur-limousine.com\\\/de\\\/#organization\"},\"potentialAction\":[{\"@type\":\"SearchAction\",\"target\":{\"@type\":\"EntryPoint\",\"urlTemplate\":\"https:\\\/\\\/paris-chauffeur-limousine.com\\\/de\\\/?s={search_term_string}\"},\"query-input\":{\"@type\":\"PropertyValueSpecification\",\"valueRequired\":true,\"valueName\":\"search_term_string\"}}],\"inLanguage\":\"de\"},{\"@type\":\"Organization\",\"@id\":\"https:\\\/\\\/paris-chauffeur-limousine.com\\\/de\\\/#organization\",\"name\":\"Paris Chauffeur Limousine\",\"url\":\"https:\\\/\\\/paris-chauffeur-limousine.com\\\/de\\\/\",\"logo\":{\"@type\":\"ImageObject\",\"inLanguage\":\"de\",\"@id\":\"https:\\\/\\\/paris-chauffeur-limousine.com\\\/de\\\/#\\\/schema\\\/logo\\\/image\\\/\",\"url\":\"https:\\\/\\\/paris-chauffeur-limousine.com\\\/wp-content\\\/uploads\\\/2025\\\/11\\\/Groupe-4025@2x.png\",\"contentUrl\":\"https:\\\/\\\/paris-chauffeur-limousine.com\\\/wp-content\\\/uploads\\\/2025\\\/11\\\/Groupe-4025@2x.png\",\"width\":1007,\"height\":132,\"caption\":\"Paris Chauffeur Limousine\"},\"image\":{\"@id\":\"https:\\\/\\\/paris-chauffeur-limousine.com\\\/de\\\/#\\\/schema\\\/logo\\\/image\\\/\"},\"sameAs\":[\"https:\\\/\\\/www.linkedin.com\\\/company\\\/service-limocar\",\"https:\\\/\\\/www.instagram.com\\\/servicelimocar\\\/\"]}]}<\/script>\n<!-- \/ Yoast SEO plugin. -->","yoast_head_json":{"title":"Unsere Fahrzeugvermietung mit Privat-Chauffeur - Service Limo Car","description":"Entdecken Sie unsere Leistungen: Flughafentransfers, Corporate, Roadshows, Event-Transporte und ma\u00dfgeschneiderte L\u00f6sungen. Luxus, P\u00fcnktlichkeit und Exzellenz f\u00fcr Ihre Fahrten.","robots":{"index":"index","follow":"follow","max-snippet":"max-snippet:-1","max-image-preview":"max-image-preview:large","max-video-preview":"max-video-preview:-1"},"canonical":"https:\/\/paris-chauffeur-limousine.com\/de\/dienstleistungen\/","og_locale":"de_DE","og_type":"article","og_title":"Unsere Fahrzeugvermietung mit Privat-Chauffeur - Service Limo Car","og_description":"Entdecken Sie unsere Leistungen: Flughafentransfers, Corporate, Roadshows, Event-Transporte und ma\u00dfgeschneiderte L\u00f6sungen. Luxus, P\u00fcnktlichkeit und Exzellenz f\u00fcr Ihre Fahrten.","og_url":"https:\/\/paris-chauffeur-limousine.com\/de\/dienstleistungen\/","og_site_name":"Service Limo Car","article_modified_time":"2026-03-01T17:07:58+00:00","twitter_card":"summary_large_image","schema":{"@context":"https:\/\/schema.org","@graph":[{"@type":"WebPage","@id":"https:\/\/paris-chauffeur-limousine.com\/de\/dienstleistungen\/","url":"https:\/\/paris-chauffeur-limousine.com\/de\/dienstleistungen\/","name":"Unsere Fahrzeugvermietung mit Privat-Chauffeur - Service Limo Car","isPartOf":{"@id":"https:\/\/paris-chauffeur-limousine.com\/de\/#website"},"datePublished":"2025-10-07T10:16:32+00:00","dateModified":"2026-03-01T17:07:58+00:00","description":"Entdecken Sie unsere Leistungen: Flughafentransfers, Corporate, Roadshows, Event-Transporte und ma\u00dfgeschneiderte L\u00f6sungen. Luxus, P\u00fcnktlichkeit und Exzellenz f\u00fcr Ihre Fahrten.","breadcrumb":{"@id":"https:\/\/paris-chauffeur-limousine.com\/de\/dienstleistungen\/#breadcrumb"},"inLanguage":"de","potentialAction":[{"@type":"ReadAction","target":["https:\/\/paris-chauffeur-limousine.com\/de\/dienstleistungen\/"]}]},{"@type":"BreadcrumbList","@id":"https:\/\/paris-chauffeur-limousine.com\/de\/dienstleistungen\/#breadcrumb","itemListElement":[{"@type":"ListItem","position":1,"name":"Accueil","item":"https:\/\/paris-chauffeur-limousine.com\/de\/home\/"},{"@type":"ListItem","position":2,"name":"Dienstleistungen"}]},{"@type":"WebSite","@id":"https:\/\/paris-chauffeur-limousine.com\/de\/#website","url":"https:\/\/paris-chauffeur-limousine.com\/de\/","name":"Paris Chauffeur Limousine","description":"","publisher":{"@id":"https:\/\/paris-chauffeur-limousine.com\/de\/#organization"},"potentialAction":[{"@type":"SearchAction","target":{"@type":"EntryPoint","urlTemplate":"https:\/\/paris-chauffeur-limousine.com\/de\/?s={search_term_string}"},"query-input":{"@type":"PropertyValueSpecification","valueRequired":true,"valueName":"search_term_string"}}],"inLanguage":"de"},{"@type":"Organization","@id":"https:\/\/paris-chauffeur-limousine.com\/de\/#organization","name":"Paris Chauffeur Limousine","url":"https:\/\/paris-chauffeur-limousine.com\/de\/","logo":{"@type":"ImageObject","inLanguage":"de","@id":"https:\/\/paris-chauffeur-limousine.com\/de\/#\/schema\/logo\/image\/","url":"https:\/\/paris-chauffeur-limousine.com\/wp-content\/uploads\/2025\/11\/Groupe-4025@2x.png","contentUrl":"https:\/\/paris-chauffeur-limousine.com\/wp-content\/uploads\/2025\/11\/Groupe-4025@2x.png","width":1007,"height":132,"caption":"Paris Chauffeur Limousine"},"image":{"@id":"https:\/\/paris-chauffeur-limousine.com\/de\/#\/schema\/logo\/image\/"},"sameAs":["https:\/\/www.linkedin.com\/company\/service-limocar","https:\/\/www.instagram.com\/servicelimocar\/"]}]}},"_links":{"self":[{"href":"https:\/\/paris-chauffeur-limousine.com\/de\/wp-json\/wp\/v2\/pages\/2561","targetHints":{"allow":["GET"]}}],"collection":[{"href":"https:\/\/paris-chauffeur-limousine.com\/de\/wp-json\/wp\/v2\/pages"}],"about":[{"href":"https:\/\/paris-chauffeur-limousine.com\/de\/wp-json\/wp\/v2\/types\/page"}],"author":[{"embeddable":true,"href":"https:\/\/paris-chauffeur-limousine.com\/de\/wp-json\/wp\/v2\/users\/1"}],"replies":[{"embeddable":true,"href":"https:\/\/paris-chauffeur-limousine.com\/de\/wp-json\/wp\/v2\/comments?post=2561"}],"version-history":[{"count":3,"href":"https:\/\/paris-chauffeur-limousine.com\/de\/wp-json\/wp\/v2\/pages\/2561\/revisions"}],"predecessor-version":[{"id":2571,"href":"https:\/\/paris-chauffeur-limousine.com\/de\/wp-json\/wp\/v2\/pages\/2561\/revisions\/2571"}],"wp:attachment":[{"href":"https:\/\/paris-chauffeur-limousine.com\/de\/wp-json\/wp\/v2\/media?parent=2561"}],"curies":[{"name":"wp","href":"https:\/\/api.w.org\/{rel}","templated":true}]}}